{"id":3979,"date":"2022-08-16T16:11:07","date_gmt":"2022-08-16T19:11:07","guid":{"rendered":"https:\/\/www.quantiz.com.br\/eventos\/"},"modified":"2023-03-29T18:09:14","modified_gmt":"2023-03-29T21:09:14","slug":"eventos","status":"publish","type":"page","link":"https:\/\/www.quantiz.com.br\/es\/eventos\/","title":{"rendered":"Eventos"},"content":{"rendered":"\t\t<div data-elementor-type=\"wp-page\" data-elementor-id=\"3979\" class=\"elementor elementor-3979 elementor-17\" data-elementor-post-type=\"page\">\n\t\t\t\t\t\t<section class=\"ob-is-breaking-bad elementor-section elementor-top-section elementor-element elementor-element-3a5a6e7 elementor-section-boxed elementor-section-height-default elementor-section-height-default\" data-id=\"3a5a6e7\" data-element_type=\"section\" data-settings=\"{&quot;_ob_bbad_use_it&quot;:&quot;yes&quot;,&quot;_ob_bbad_sssic_use&quot;:&quot;no&quot;,&quot;_ob_glider_is_slider&quot;:&quot;no&quot;}\">\n\t\t\t\t\t\t<div class=\"elementor-container elementor-column-gap-default\">\n\t\t\t\t\t<div class=\"elementor-column elementor-col-50 elementor-top-column elementor-element elementor-element-2d7a7d5\" data-id=\"2d7a7d5\" data-element_type=\"column\" data-settings=\"{&quot;_ob_bbad_is_stalker&quot;:&quot;no&quot;,&quot;_ob_teleporter_use&quot;:false,&quot;_ob_column_hoveranimator&quot;:&quot;no&quot;,&quot;_ob_column_has_pseudo&quot;:&quot;no&quot;}\">\n\t\t\t<div class=\"elementor-widget-wrap elementor-element-populated\">\n\t\t\t\t\t\t<div class=\"elementor-element elementor-element-1f8b29b ob-harakiri-inherit ob-has-background-overlay elementor-widget elementor-widget-text-editor\" data-id=\"1f8b29b\" data-element_type=\"widget\" data-settings=\"{&quot;_ob_use_harakiri&quot;:&quot;yes&quot;,&quot;_ob_harakiri_writing_mode&quot;:&quot;inherit&quot;,&quot;_ob_postman_use&quot;:&quot;no&quot;,&quot;_ob_perspektive_use&quot;:&quot;no&quot;,&quot;_ob_poopart_use&quot;:&quot;yes&quot;,&quot;_ob_shadough_use&quot;:&quot;no&quot;,&quot;_ob_allow_hoveranimator&quot;:&quot;no&quot;,&quot;_ob_widget_stalker_use&quot;:&quot;no&quot;}\" data-widget_type=\"text-editor.default\">\n\t\t\t\t<div class=\"elementor-widget-container\">\n\t\t\t\t\t\t\t\t\t<h2>2023<\/h2>\n<ul>\n<li><a href=\"https:\/\/youtube.com\/playlist?list=PLELsb3NtMuezDl6uOMkNdD7LO6adBAKha\">Pricing Stories \u2013 Virtual<\/a><\/li>\n<li>PPS Spring Pricing Conference &#8211; Dallas, TX<\/li>\n<\/ul>\n<h2><\/h2>\n<h2>2022<\/h2>\n<ul>\n<li>Avan\u00e7ando Pr\u00e1ticas de Pricing &amp; Revenue Managment \u2013 Hotel Renaissance S\u00e3o Paulo<\/li>\n<li>Otimiza\u00e7\u00e3o de Pre\u00e7os \u2013 Construsummit \u2013 Florian\u00f3polis\/SC<\/li>\n<li><a href=\"https:\/\/www.youtube.com\/watch?v=cWtCZzqfwF0\">Desvendando a Otimiza\u00e7\u00e3o de Pre\u00e7os \u2013 Virtual<\/a><\/li>\n<li>Revenue Optimization \u2013 HSMAI \u2013 Tivoli Mofarrej S\u00e3o Paulo<\/li>\n<li>Pricing and Revenue Optimization \u2013 Hotel Renaissance S\u00e3o Paulo<\/li>\n<li><a href=\"https:\/\/www.youtube.com\/watch?v=30GGvkhu9vY\" target=\"_blank\" rel=\"noopener\">Pricing &amp; Revenue Management Master Class \u2013 Virtual<\/a><\/li>\n<\/ul>\n<p>&nbsp;<\/p>\n<h2>2021<\/h2>\n<ul>\n<li><a href=\"https:\/\/www.youtube.com\/watch?v=okCneGg3VlE&amp;t=815s\">Tend\u00eancia e o futuro do Pricing nas Organiza\u00e7\u00f5es<\/a><\/li>\n<li><a href=\"https:\/\/www.youtube.com\/watch?v=5Yvp2Ob-GIk&amp;t=1s\">Lan\u00e7amento Livro \u201cArquitetos do Pricing\u201d<\/a><\/li>\n<li>PPS Spring Pricing Conference &#8211; Virtual<\/li>\n<li>PPS Fall Pricing Conference &#8211; Virtual<\/li>\n<li>PPS 2021 European &amp; Global Conference &#8211; Virtual<\/li>\n<li>Strategic Pricing &amp; Revenue Management &#8211; Pal\u00e1cio Tangar\u00e1<\/li>\n<\/ul>\n<p>&nbsp;<\/p>\n<h2>2020<\/h2>\n<ul>\n<li>Strategic Pricing &amp; Revenue Management &#8211; Pal\u00e1cio Tangar\u00e1<\/li>\n<li>PPS Fall Pricing Conference \u2013 Virtual<\/li>\n<\/ul>\n<p>&nbsp;<\/p>\n<h2>2019<\/h2>\n<ul>\n<li>30th Annual Pricing Conference \u2013 Atlanta\/EUA<\/li>\n<li>7\u00ba Pricing Forum \u2013 Blueprintt \u2013 S\u00e3o Paulo\/SP<\/li>\n<li>Os Desafios do Pricing \u2013 Quality Faria Lima<\/li>\n<\/ul>\n<p>&nbsp;<\/p>\n<h2>2018<\/h2>\n<ul>\n<li>29th Annual Pricing Conference \u2013 Chicago\/EUA<\/li>\n<li>6\u00ba Pricing Forum \u2013 Blueprintt \u2013 S\u00e3o Paulo\/SP<\/li>\n<li>Os Desafios do Pricing \u2013 Quality Faria Lima<\/li>\n<\/ul>\n\t\t\t\t\t\t\t\t<\/div>\n\t\t\t\t<\/div>\n\t\t\t\t\t<\/div>\n\t\t<\/div>\n\t\t\t\t<div class=\"elementor-column elementor-col-50 elementor-top-column elementor-element elementor-element-b18fb4b\" data-id=\"b18fb4b\" data-element_type=\"column\" data-settings=\"{&quot;_ob_bbad_is_stalker&quot;:&quot;no&quot;,&quot;_ob_teleporter_use&quot;:false,&quot;_ob_column_hoveranimator&quot;:&quot;no&quot;,&quot;_ob_column_has_pseudo&quot;:&quot;no&quot;}\">\n\t\t\t<div class=\"elementor-widget-wrap elementor-element-populated\">\n\t\t\t\t\t\t<div class=\"elementor-element elementor-element-f18adda ob-has-background-overlay elementor-widget elementor-widget-gallery\" data-id=\"f18adda\" data-element_type=\"widget\" data-settings=\"{&quot;columns&quot;:1,&quot;gallery_layout&quot;:&quot;masonry&quot;,&quot;lazyload&quot;:&quot;yes&quot;,&quot;columns_tablet&quot;:2,&quot;columns_mobile&quot;:1,&quot;gap&quot;:{&quot;unit&quot;:&quot;px&quot;,&quot;size&quot;:10,&quot;sizes&quot;:[]},&quot;gap_tablet&quot;:{&quot;unit&quot;:&quot;px&quot;,&quot;size&quot;:10,&quot;sizes&quot;:[]},&quot;gap_mobile&quot;:{&quot;unit&quot;:&quot;px&quot;,&quot;size&quot;:10,&quot;sizes&quot;:[]},&quot;overlay_background&quot;:&quot;yes&quot;,&quot;content_hover_animation&quot;:&quot;fade-in&quot;,&quot;_ob_perspektive_use&quot;:&quot;no&quot;,&quot;_ob_poopart_use&quot;:&quot;yes&quot;,&quot;_ob_shadough_use&quot;:&quot;no&quot;,&quot;_ob_allow_hoveranimator&quot;:&quot;no&quot;,&quot;_ob_widget_stalker_use&quot;:&quot;no&quot;}\" data-widget_type=\"gallery.default\">\n\t\t\t\t<div class=\"elementor-widget-container\">\n\t\t\t\t\t\t\t<div class=\"elementor-gallery__container\">\n\t\t\t\t\t\t\t<div class=\"e-gallery-item elementor-gallery-item elementor-animated-content\">\n\t\t\t\t\t<div class=\"e-gallery-image elementor-gallery-item__image\" data-thumbnail=\"https:\/\/www.quantiz.com.br\/wp-content\/uploads\/2022\/07\/Foto-Evento-Quantiz-no-Tangara-768x1024.jpg\" data-width=\"768\" data-height=\"1024\" aria-label=\"Evento da Quantiz no Pal\u00e1cio Tangar\u00e1\" role=\"img\" ><\/div>\n\t\t\t\t\t\t\t\t\t\t\t<div class=\"elementor-gallery-item__overlay\"><\/div>\n\t\t\t\t\t\t\t\t\t\t\t\t\t\t<\/div>\n\t\t\t\t\t<\/div>\n\t\t\t\t\t<\/div>\n\t\t\t\t<\/div>\n\t\t\t\t\t<\/div>\n\t\t<\/div>\n\t\t\t\t\t<\/div>\n\t\t<\/section>\n\t\t\t\t<\/div>\n\t\t","protected":false},"excerpt":{"rendered":"","protected":false},"author":4,"featured_media":0,"parent":0,"menu_order":12,"comment_status":"closed","ping_status":"closed","template":"","meta":{"_acf_changed":false,"footnotes":""},"class_list":["post-3979","page","type-page","status-publish","hentry"],"acf":[],"yoast_head":"<!-- This site is optimized with the Yoast SEO plugin v26.2 - https:\/\/yoast.com\/wordpress\/plugins\/seo\/ -->\n<title>Eventos - Quantiz<\/title>\n<meta name=\"description\" content=\"Quantiz siempre est\u00e1 promoviendo eventos o participando en eventos en Brasil y en el extranjero para aportar un mayor conocimiento a nuestro trabajo.\" \/>\n<meta name=\"robots\" content=\"index, follow, max-snippet:-1, max-image-preview:large, max-video-preview:-1\" \/>\n<link rel=\"canonical\" href=\"https:\/\/www.quantiz.com.br\/es\/eventos\/\" \/>\n<meta property=\"og:locale\" content=\"es_ES\" \/>\n<meta property=\"og:type\" content=\"article\" \/>\n<meta property=\"og:title\" content=\"Eventos - Quantiz\" \/>\n<meta property=\"og:description\" content=\"Quantiz siempre est\u00e1 promoviendo eventos o participando en eventos en Brasil y en el extranjero para aportar un mayor conocimiento a nuestro trabajo.\" \/>\n<meta property=\"og:url\" content=\"https:\/\/www.quantiz.com.br\/es\/eventos\/\" \/>\n<meta property=\"og:site_name\" content=\"Quantiz\" \/>\n<meta property=\"article:modified_time\" content=\"2023-03-29T21:09:14+00:00\" \/>\n<meta name=\"twitter:card\" content=\"summary_large_image\" \/>\n<script type=\"application\/ld+json\" class=\"yoast-schema-graph\">{\"@context\":\"https:\/\/schema.org\",\"@graph\":[{\"@type\":\"WebPage\",\"@id\":\"https:\/\/www.quantiz.com.br\/es\/eventos\/\",\"url\":\"https:\/\/www.quantiz.com.br\/es\/eventos\/\",\"name\":\"Eventos - Quantiz\",\"isPartOf\":{\"@id\":\"https:\/\/www.quantiz.com.br\/#website\"},\"datePublished\":\"2022-08-16T19:11:07+00:00\",\"dateModified\":\"2023-03-29T21:09:14+00:00\",\"description\":\"Quantiz siempre est\u00e1 promoviendo eventos o participando en eventos en Brasil y en el extranjero para aportar un mayor conocimiento a nuestro trabajo.\",\"breadcrumb\":{\"@id\":\"https:\/\/www.quantiz.com.br\/es\/eventos\/#breadcrumb\"},\"inLanguage\":\"es\",\"potentialAction\":[{\"@type\":\"ReadAction\",\"target\":[\"https:\/\/www.quantiz.com.br\/es\/eventos\/\"]}]},{\"@type\":\"BreadcrumbList\",\"@id\":\"https:\/\/www.quantiz.com.br\/es\/eventos\/#breadcrumb\",\"itemListElement\":[{\"@type\":\"ListItem\",\"position\":1,\"name\":\"In\u00edcio\",\"item\":\"https:\/\/www.quantiz.com.br\/es\/\"},{\"@type\":\"ListItem\",\"position\":2,\"name\":\"Eventos\"}]},{\"@type\":\"WebSite\",\"@id\":\"https:\/\/www.quantiz.com.br\/#website\",\"url\":\"https:\/\/www.quantiz.com.br\/\",\"name\":\"Quantiz\",\"description\":\"Pricing Solutions\",\"potentialAction\":[{\"@type\":\"SearchAction\",\"target\":{\"@type\":\"EntryPoint\",\"urlTemplate\":\"https:\/\/www.quantiz.com.br\/?s={search_term_string}\"},\"query-input\":{\"@type\":\"PropertyValueSpecification\",\"valueRequired\":true,\"valueName\":\"search_term_string\"}}],\"inLanguage\":\"es\"}]}<\/script>\n<!-- \/ Yoast SEO plugin. -->","yoast_head_json":{"title":"Eventos - Quantiz","description":"Quantiz siempre est\u00e1 promoviendo eventos o participando en eventos en Brasil y en el extranjero para aportar un mayor conocimiento a nuestro trabajo.","robots":{"index":"index","follow":"follow","max-snippet":"max-snippet:-1","max-image-preview":"max-image-preview:large","max-video-preview":"max-video-preview:-1"},"canonical":"https:\/\/www.quantiz.com.br\/es\/eventos\/","og_locale":"es_ES","og_type":"article","og_title":"Eventos - Quantiz","og_description":"Quantiz siempre est\u00e1 promoviendo eventos o participando en eventos en Brasil y en el extranjero para aportar un mayor conocimiento a nuestro trabajo.","og_url":"https:\/\/www.quantiz.com.br\/es\/eventos\/","og_site_name":"Quantiz","article_modified_time":"2023-03-29T21:09:14+00:00","twitter_card":"summary_large_image","schema":{"@context":"https:\/\/schema.org","@graph":[{"@type":"WebPage","@id":"https:\/\/www.quantiz.com.br\/es\/eventos\/","url":"https:\/\/www.quantiz.com.br\/es\/eventos\/","name":"Eventos - Quantiz","isPartOf":{"@id":"https:\/\/www.quantiz.com.br\/#website"},"datePublished":"2022-08-16T19:11:07+00:00","dateModified":"2023-03-29T21:09:14+00:00","description":"Quantiz siempre est\u00e1 promoviendo eventos o participando en eventos en Brasil y en el extranjero para aportar un mayor conocimiento a nuestro trabajo.","breadcrumb":{"@id":"https:\/\/www.quantiz.com.br\/es\/eventos\/#breadcrumb"},"inLanguage":"es","potentialAction":[{"@type":"ReadAction","target":["https:\/\/www.quantiz.com.br\/es\/eventos\/"]}]},{"@type":"BreadcrumbList","@id":"https:\/\/www.quantiz.com.br\/es\/eventos\/#breadcrumb","itemListElement":[{"@type":"ListItem","position":1,"name":"In\u00edcio","item":"https:\/\/www.quantiz.com.br\/es\/"},{"@type":"ListItem","position":2,"name":"Eventos"}]},{"@type":"WebSite","@id":"https:\/\/www.quantiz.com.br\/#website","url":"https:\/\/www.quantiz.com.br\/","name":"Quantiz","description":"Pricing Solutions","potentialAction":[{"@type":"SearchAction","target":{"@type":"EntryPoint","urlTemplate":"https:\/\/www.quantiz.com.br\/?s={search_term_string}"},"query-input":{"@type":"PropertyValueSpecification","valueRequired":true,"valueName":"search_term_string"}}],"inLanguage":"es"}]}},"_links":{"self":[{"href":"https:\/\/www.quantiz.com.br\/es\/wp-json\/wp\/v2\/pages\/3979","targetHints":{"allow":["GET"]}}],"collection":[{"href":"https:\/\/www.quantiz.com.br\/es\/wp-json\/wp\/v2\/pages"}],"about":[{"href":"https:\/\/www.quantiz.com.br\/es\/wp-json\/wp\/v2\/types\/page"}],"author":[{"embeddable":true,"href":"https:\/\/www.quantiz.com.br\/es\/wp-json\/wp\/v2\/users\/4"}],"replies":[{"embeddable":true,"href":"https:\/\/www.quantiz.com.br\/es\/wp-json\/wp\/v2\/comments?post=3979"}],"version-history":[{"count":6,"href":"https:\/\/www.quantiz.com.br\/es\/wp-json\/wp\/v2\/pages\/3979\/revisions"}],"predecessor-version":[{"id":4649,"href":"https:\/\/www.quantiz.com.br\/es\/wp-json\/wp\/v2\/pages\/3979\/revisions\/4649"}],"wp:attachment":[{"href":"https:\/\/www.quantiz.com.br\/es\/wp-json\/wp\/v2\/media?parent=3979"}],"curies":[{"name":"wp","href":"https:\/\/api.w.org\/{rel}","templated":true}]}}