{"id":3778,"date":"2022-08-04T15:02:48","date_gmt":"2022-08-04T18:02:48","guid":{"rendered":"https:\/\/www.quantiz.com.br\/novo\/contact\/"},"modified":"2023-07-31T13:42:10","modified_gmt":"2023-07-31T16:42:10","slug":"contact","status":"publish","type":"page","link":"https:\/\/www.quantiz.com.br\/en\/contact\/","title":{"rendered":"Contact"},"content":{"rendered":"\t\t<div data-elementor-type=\"wp-page\" data-elementor-id=\"3778\" class=\"elementor elementor-3778 elementor-19\" data-elementor-post-type=\"page\">\n\t\t\t\t\t\t<section class=\"ob-is-breaking-bad elementor-section elementor-top-section elementor-element elementor-element-bb54bde elementor-section-boxed elementor-section-height-default elementor-section-height-default\" data-id=\"bb54bde\" data-element_type=\"section\" data-settings=\"{&quot;_ob_bbad_use_it&quot;:&quot;yes&quot;,&quot;_ob_bbad_sssic_use&quot;:&quot;no&quot;,&quot;_ob_glider_is_slider&quot;:&quot;no&quot;}\">\n\t\t\t\t\t\t<div class=\"elementor-container elementor-column-gap-wider\">\n\t\t\t\t\t<div class=\"elementor-column elementor-col-50 elementor-top-column elementor-element elementor-element-6bb6b11\" data-id=\"6bb6b11\" data-element_type=\"column\" data-settings=\"{&quot;_ob_bbad_is_stalker&quot;:&quot;no&quot;,&quot;_ob_teleporter_use&quot;:false,&quot;_ob_column_hoveranimator&quot;:&quot;no&quot;,&quot;_ob_column_has_pseudo&quot;:&quot;no&quot;}\">\n\t\t\t<div class=\"elementor-widget-wrap elementor-element-populated\">\n\t\t\t\t\t\t<div class=\"elementor-element elementor-element-26d01b7 ob-has-background-overlay elementor-widget elementor-widget-html\" data-id=\"26d01b7\" data-element_type=\"widget\" data-settings=\"{&quot;_ob_perspektive_use&quot;:&quot;no&quot;,&quot;_ob_poopart_use&quot;:&quot;yes&quot;,&quot;_ob_shadough_use&quot;:&quot;no&quot;,&quot;_ob_allow_hoveranimator&quot;:&quot;no&quot;,&quot;_ob_widget_stalker_use&quot;:&quot;no&quot;}\" data-widget_type=\"html.default\">\n\t\t\t\t<div class=\"elementor-widget-container\">\n\t\t\t\t\t<script type=\"text\/javascript\">\/* M\u00e1scaras ER *\/\nfunction mascara(o,f){\n    v_obj=o\n    v_fun=f\n    setTimeout(\"execmascara()\",1)\n}\nfunction execmascara(){\n    v_obj.value=v_fun(v_obj.value)\n}\nfunction mtel(v){\n    \n    v=v.replace(\/\\D\/g,\"\");             \/\/Remove tudo o que n\u00e3o \u00e9 d\u00edgito\n    v=v.replace(\/^(\\d{2})(\\d)\/g,\"($1) $2\"); \/\/Coloca par\u00eanteses em volta dos dois primeiros d\u00edgitos\n    v=v.replace(\/(\\d)(\\d{4})$\/,\"$1-$2\");    \/\/Coloca h\u00edfen entre o quarto e o quinto d\u00edgitos\n    return v;\n}\nfunction id( el ){\n return document.getElementById( el );\n}\nwindow.onload = function(){\n    id('form-field-telefone').setAttribute('maxlength',15);\n id('form-field-telefone').onkeypress =\n function(){\n     mascara( this, mtel );\n }\n}\n<\/script>\t\t\t\t<\/div>\n\t\t\t\t<\/div>\n\t\t\t\t<div class=\"elementor-element elementor-element-2b93a61 elementor-icon-list--layout-traditional elementor-list-item-link-full_width elementor-invisible ob-has-background-overlay elementor-widget elementor-widget-icon-list\" data-id=\"2b93a61\" data-element_type=\"widget\" data-settings=\"{&quot;_animation&quot;:&quot;fadeIn&quot;,&quot;_ob_perspektive_use&quot;:&quot;no&quot;,&quot;_ob_poopart_use&quot;:&quot;yes&quot;,&quot;_ob_shadough_use&quot;:&quot;no&quot;,&quot;_ob_allow_hoveranimator&quot;:&quot;no&quot;,&quot;_ob_widget_stalker_use&quot;:&quot;no&quot;}\" data-widget_type=\"icon-list.default\">\n\t\t\t\t<div class=\"elementor-widget-container\">\n\t\t\t\t\t\t\t<ul class=\"elementor-icon-list-items\">\n\t\t\t\t\t\t\t<li class=\"elementor-icon-list-item\">\n\t\t\t\t\t\t\t\t\t\t<span class=\"elementor-icon-list-text\">WRITE TO US<\/span>\n\t\t\t\t\t\t\t\t\t<\/li>\n\t\t\t\t\t\t<\/ul>\n\t\t\t\t\t\t<\/div>\n\t\t\t\t<\/div>\n\t\t\t\t<div class=\"elementor-element elementor-element-53bb38d elementor-icon-list--layout-traditional elementor-list-item-link-full_width ob-has-background-overlay elementor-widget elementor-widget-icon-list\" data-id=\"53bb38d\" data-element_type=\"widget\" data-settings=\"{&quot;_ob_perspektive_use&quot;:&quot;no&quot;,&quot;_ob_poopart_use&quot;:&quot;yes&quot;,&quot;_ob_shadough_use&quot;:&quot;no&quot;,&quot;_ob_allow_hoveranimator&quot;:&quot;no&quot;,&quot;_ob_widget_stalker_use&quot;:&quot;no&quot;}\" data-widget_type=\"icon-list.default\">\n\t\t\t\t<div class=\"elementor-widget-container\">\n\t\t\t\t\t\t\t<ul class=\"elementor-icon-list-items\">\n\t\t\t\t\t\t\t<li class=\"elementor-icon-list-item\">\n\t\t\t\t\t\t\t\t\t\t\t<span class=\"elementor-icon-list-icon\">\n\t\t\t\t\t\t\t<i aria-hidden=\"true\" class=\"fas fa-caret-down\"><\/i>\t\t\t\t\t\t<\/span>\n\t\t\t\t\t\t\t\t\t\t<span class=\"elementor-icon-list-text\"><\/span>\n\t\t\t\t\t\t\t\t\t<\/li>\n\t\t\t\t\t\t<\/ul>\n\t\t\t\t\t\t<\/div>\n\t\t\t\t<\/div>\n\t\t\t\t<div class=\"elementor-element elementor-element-ac14191 elementor-button-align-end ob-has-background-overlay elementor-widget elementor-widget-form\" data-id=\"ac14191\" data-element_type=\"widget\" data-settings=\"{&quot;step_next_label&quot;:&quot;Next&quot;,&quot;step_previous_label&quot;:&quot;Previous&quot;,&quot;button_width&quot;:&quot;100&quot;,&quot;step_type&quot;:&quot;number_text&quot;,&quot;step_icon_shape&quot;:&quot;circle&quot;,&quot;_ob_perspektive_use&quot;:&quot;no&quot;,&quot;_ob_poopart_use&quot;:&quot;yes&quot;,&quot;_ob_shadough_use&quot;:&quot;no&quot;,&quot;_ob_allow_hoveranimator&quot;:&quot;no&quot;,&quot;_ob_widget_stalker_use&quot;:&quot;no&quot;}\" data-widget_type=\"form.default\">\n\t\t\t\t<div class=\"elementor-widget-container\">\n\t\t\t\t\t\t\t<form class=\"elementor-form\" method=\"post\" name=\"Contact form \" aria-label=\"Contact form \">\n\t\t\t<input type=\"hidden\" name=\"post_id\" value=\"3778\"\/>\n\t\t\t<input type=\"hidden\" name=\"form_id\" value=\"ac14191\"\/>\n\t\t\t<input type=\"hidden\" name=\"referer_title\" value=\"Contact - Quantiz\" \/>\n\n\t\t\t\t\t\t\t<input type=\"hidden\" name=\"queried_id\" value=\"3778\"\/>\n\t\t\t\n\t\t\t<div class=\"elementor-form-fields-wrapper elementor-labels-\">\n\t\t\t\t\t\t\t\t<div class=\"elementor-field-type-text elementor-field-group elementor-column elementor-field-group-name elementor-col-100 elementor-field-required\">\n\t\t\t\t\t\t\t\t\t\t\t\t<label for=\"form-field-name\" class=\"elementor-field-label elementor-screen-only\">\n\t\t\t\t\t\t\t\tName\t\t\t\t\t\t\t<\/label>\n\t\t\t\t\t\t\t\t\t\t\t\t\t\t<input size=\"1\" type=\"text\" name=\"form_fields[name]\" id=\"form-field-name\" class=\"elementor-field elementor-size-sm  elementor-field-textual\" placeholder=\"Name\" required=\"required\">\n\t\t\t\t\t\t\t\t\t\t\t<\/div>\n\t\t\t\t\t\t\t\t<div class=\"elementor-field-type-email elementor-field-group elementor-column elementor-field-group-email elementor-col-100 elementor-field-required\">\n\t\t\t\t\t\t\t\t\t\t\t\t<label for=\"form-field-email\" class=\"elementor-field-label elementor-screen-only\">\n\t\t\t\t\t\t\t\tE-mail\t\t\t\t\t\t\t<\/label>\n\t\t\t\t\t\t\t\t\t\t\t\t\t\t<input size=\"1\" type=\"email\" name=\"form_fields[email]\" id=\"form-field-email\" class=\"elementor-field elementor-size-sm  elementor-field-textual\" placeholder=\"E-mail\" required=\"required\">\n\t\t\t\t\t\t\t\t\t\t\t<\/div>\n\t\t\t\t\t\t\t\t<div class=\"elementor-field-type-text elementor-field-group elementor-column elementor-field-group-telefone elementor-col-100 elementor-field-required\">\n\t\t\t\t\t\t\t\t\t\t\t\t<label for=\"form-field-telefone\" class=\"elementor-field-label elementor-screen-only\">\n\t\t\t\t\t\t\t\tPhone\t\t\t\t\t\t\t<\/label>\n\t\t\t\t\t\t\t\t\t\t\t\t\t\t<input size=\"1\" type=\"text\" name=\"form_fields[telefone]\" id=\"form-field-telefone\" class=\"elementor-field elementor-size-sm  elementor-field-textual\" placeholder=\"Phone\" required=\"required\">\n\t\t\t\t\t\t\t\t\t\t\t<\/div>\n\t\t\t\t\t\t\t\t<div class=\"elementor-field-type-textarea elementor-field-group elementor-column elementor-field-group-message elementor-col-100\">\n\t\t\t\t\t\t\t\t\t\t\t\t<label for=\"form-field-message\" class=\"elementor-field-label elementor-screen-only\">\n\t\t\t\t\t\t\t\tMessage\t\t\t\t\t\t\t<\/label>\n\t\t\t\t\t\t<textarea class=\"elementor-field-textual elementor-field  elementor-size-sm\" name=\"form_fields[message]\" id=\"form-field-message\" rows=\"4\" placeholder=\"Message\"><\/textarea>\t\t\t\t<\/div>\n\t\t\t\t\t\t\t\t<div class=\"elementor-field-type-text\">\n\t\t\t\t\t<input size=\"1\" type=\"text\" name=\"form_fields[field_4f0687c]\" id=\"form-field-field_4f0687c\" class=\"elementor-field elementor-size-sm \" style=\"display:none !important;\">\t\t\t\t<\/div>\n\t\t\t\t\t\t\t\t<div class=\"elementor-field-type-recaptcha_v3 elementor-field-group elementor-column elementor-field-group-field_1ad2a2b elementor-col-100 recaptcha_v3-inline\">\n\t\t\t\t\t<div class=\"elementor-field\" id=\"form-field-field_1ad2a2b\"><div class=\"elementor-g-recaptcha\" data-sitekey=\"6LdOVCchAAAAABKu2TPQw_KLrL3VbDcdHTwdJoFz\" data-type=\"v3\" data-action=\"Form\" data-badge=\"inline\" data-size=\"invisible\"><\/div><\/div>\t\t\t\t<\/div>\n\t\t\t\t\t\t\t\t<div class=\"elementor-field-group elementor-column elementor-field-type-submit elementor-col-100 e-form__buttons\">\n\t\t\t\t\t<button class=\"elementor-button elementor-size-sm\" type=\"submit\">\n\t\t\t\t\t\t<span class=\"elementor-button-content-wrapper\">\n\t\t\t\t\t\t\t\t\t\t\t\t\t\t\t\t\t\t\t\t\t\t<span class=\"elementor-button-text\">Send<\/span>\n\t\t\t\t\t\t\t\t\t\t\t\t\t<\/span>\n\t\t\t\t\t<\/button>\n\t\t\t\t<\/div>\n\t\t\t<\/div>\n\t\t<\/form>\n\t\t\t\t\t\t<\/div>\n\t\t\t\t<\/div>\n\t\t\t\t\t<\/div>\n\t\t<\/div>\n\t\t\t\t<div class=\"elementor-column elementor-col-50 elementor-top-column elementor-element elementor-element-5f7c0c0\" data-id=\"5f7c0c0\" data-element_type=\"column\" data-settings=\"{&quot;_ob_bbad_is_stalker&quot;:&quot;no&quot;,&quot;_ob_teleporter_use&quot;:false,&quot;_ob_column_hoveranimator&quot;:&quot;no&quot;,&quot;_ob_column_has_pseudo&quot;:&quot;no&quot;}\">\n\t\t\t<div class=\"elementor-widget-wrap elementor-element-populated\">\n\t\t\t\t\t\t<div class=\"elementor-element elementor-element-74665c6a elementor-align-left elementor-icon-list--layout-traditional elementor-list-item-link-full_width ob-has-background-overlay elementor-widget elementor-widget-icon-list\" data-id=\"74665c6a\" data-element_type=\"widget\" data-settings=\"{&quot;_ob_perspektive_use&quot;:&quot;no&quot;,&quot;_ob_poopart_use&quot;:&quot;yes&quot;,&quot;_ob_shadough_use&quot;:&quot;no&quot;,&quot;_ob_allow_hoveranimator&quot;:&quot;no&quot;,&quot;_ob_widget_stalker_use&quot;:&quot;no&quot;}\" data-widget_type=\"icon-list.default\">\n\t\t\t\t<div class=\"elementor-widget-container\">\n\t\t\t\t\t\t\t<ul class=\"elementor-icon-list-items\">\n\t\t\t\t\t\t\t<li class=\"elementor-icon-list-item\">\n\t\t\t\t\t\t\t\t\t\t\t<a href=\"https:\/\/g.page\/QUANTIZConsultoria?share\" target=\"_blank\">\n\n\t\t\t\t\t\t\t\t\t\t\t\t<span class=\"elementor-icon-list-icon\">\n\t\t\t\t\t\t\t<i aria-hidden=\"true\" class=\"fas fa-map-marker-alt\"><\/i>\t\t\t\t\t\t<\/span>\n\t\t\t\t\t\t\t\t\t\t<span class=\"elementor-icon-list-text\">R. Amaro Cavalheiro, 347 \u2013 2001\/2020 Pinheiros, S\u00e3o Paulo \u2013 SP<\/span>\n\t\t\t\t\t\t\t\t\t\t\t<\/a>\n\t\t\t\t\t\t\t\t\t<\/li>\n\t\t\t\t\t\t\t\t<li class=\"elementor-icon-list-item\">\n\t\t\t\t\t\t\t\t\t\t\t<a href=\"tel:1130403030\">\n\n\t\t\t\t\t\t\t\t\t\t\t\t<span class=\"elementor-icon-list-icon\">\n\t\t\t\t\t\t\t<i aria-hidden=\"true\" class=\"fas fa-phone-alt\"><\/i>\t\t\t\t\t\t<\/span>\n\t\t\t\t\t\t\t\t\t\t<span class=\"elementor-icon-list-text\">+ 55 11 3040.3030<\/span>\n\t\t\t\t\t\t\t\t\t\t\t<\/a>\n\t\t\t\t\t\t\t\t\t<\/li>\n\t\t\t\t\t\t\t\t<li class=\"elementor-icon-list-item\">\n\t\t\t\t\t\t\t\t\t\t\t<a href=\"mailto:quantiz@quantiz.com.br\" target=\"_blank\">\n\n\t\t\t\t\t\t\t\t\t\t\t\t<span class=\"elementor-icon-list-icon\">\n\t\t\t\t\t\t\t<i aria-hidden=\"true\" class=\"far fa-envelope\"><\/i>\t\t\t\t\t\t<\/span>\n\t\t\t\t\t\t\t\t\t\t<span class=\"elementor-icon-list-text\">quantiz@quantiz.com.br<\/span>\n\t\t\t\t\t\t\t\t\t\t\t<\/a>\n\t\t\t\t\t\t\t\t\t<\/li>\n\t\t\t\t\t\t\t\t<li class=\"elementor-icon-list-item\">\n\t\t\t\t\t\t\t\t\t\t\t<a href=\"https:\/\/www.linkedin.com\/company\/quantiz-pricing-solutions\/\" target=\"_blank\">\n\n\t\t\t\t\t\t\t\t\t\t\t\t<span class=\"elementor-icon-list-icon\">\n\t\t\t\t\t\t\t<i aria-hidden=\"true\" class=\"fab fa-linkedin\"><\/i>\t\t\t\t\t\t<\/span>\n\t\t\t\t\t\t\t\t\t\t<span class=\"elementor-icon-list-text\">company\/quantiz-pricing-solutions<\/span>\n\t\t\t\t\t\t\t\t\t\t\t<\/a>\n\t\t\t\t\t\t\t\t\t<\/li>\n\t\t\t\t\t\t<\/ul>\n\t\t\t\t\t\t<\/div>\n\t\t\t\t<\/div>\n\t\t\t\t\t<\/div>\n\t\t<\/div>\n\t\t\t\t\t<\/div>\n\t\t<\/section>\n\t\t\t\t<section class=\"ob-is-breaking-bad elementor-section elementor-top-section elementor-element elementor-element-5c4f5b53 elementor-section-content-middle elementor-section-boxed elementor-section-height-default elementor-section-height-default\" data-id=\"5c4f5b53\" data-element_type=\"section\" data-settings=\"{&quot;background_background&quot;:&quot;classic&quot;,&quot;_ob_bbad_use_it&quot;:&quot;yes&quot;,&quot;_ob_bbad_sssic_use&quot;:&quot;no&quot;,&quot;_ob_glider_is_slider&quot;:&quot;no&quot;}\">\n\t\t\t\t\t\t<div class=\"elementor-container elementor-column-gap-no\">\n\t\t\t\t\t<div class=\"elementor-column elementor-col-50 elementor-top-column elementor-element elementor-element-8c16afa\" data-id=\"8c16afa\" data-element_type=\"column\" data-settings=\"{&quot;background_background&quot;:&quot;classic&quot;,&quot;_ob_bbad_is_stalker&quot;:&quot;no&quot;,&quot;_ob_teleporter_use&quot;:false,&quot;_ob_column_hoveranimator&quot;:&quot;no&quot;,&quot;_ob_column_has_pseudo&quot;:&quot;no&quot;}\">\n\t\t\t<div class=\"elementor-widget-wrap elementor-element-populated\">\n\t\t\t\t\t\t<div class=\"elementor-element elementor-element-6d23ed37 ob-has-background-overlay elementor-widget elementor-widget-google_maps\" data-id=\"6d23ed37\" data-element_type=\"widget\" data-settings=\"{&quot;_ob_perspektive_use&quot;:&quot;no&quot;,&quot;_ob_poopart_use&quot;:&quot;yes&quot;,&quot;_ob_shadough_use&quot;:&quot;no&quot;,&quot;_ob_allow_hoveranimator&quot;:&quot;no&quot;,&quot;_ob_widget_stalker_use&quot;:&quot;no&quot;}\" data-widget_type=\"google_maps.default\">\n\t\t\t\t<div class=\"elementor-widget-container\">\n\t\t\t\t\t\t\t<div class=\"elementor-custom-embed\">\n\t\t\t<iframe loading=\"lazy\"\n\t\t\t\t\tsrc=\"https:\/\/maps.google.com\/maps?q=R.%20Amaro%20Cavalheiro%2C%20347%20%E2%80%93%202001%2F2020%20Pinheiros%2C%20S%C3%A3o%20Paulo%20%E2%80%93%20SP&#038;t=m&#038;z=16&#038;output=embed&#038;iwloc=near\"\n\t\t\t\t\ttitle=\"R. Amaro Cavalheiro, 347 \u2013 2001\/2020 Pinheiros, S\u00e3o Paulo \u2013 SP\"\n\t\t\t\t\taria-label=\"R. Amaro Cavalheiro, 347 \u2013 2001\/2020 Pinheiros, S\u00e3o Paulo \u2013 SP\"\n\t\t\t><\/iframe>\n\t\t<\/div>\n\t\t\t\t\t\t<\/div>\n\t\t\t\t<\/div>\n\t\t\t\t\t<\/div>\n\t\t<\/div>\n\t\t\t\t<div class=\"elementor-column elementor-col-50 elementor-top-column elementor-element elementor-element-33153af\" data-id=\"33153af\" data-element_type=\"column\" data-settings=\"{&quot;background_background&quot;:&quot;classic&quot;,&quot;_ob_bbad_is_stalker&quot;:&quot;no&quot;,&quot;_ob_teleporter_use&quot;:false,&quot;_ob_column_hoveranimator&quot;:&quot;no&quot;,&quot;_ob_column_has_pseudo&quot;:&quot;no&quot;}\">\n\t\t\t<div class=\"elementor-widget-wrap elementor-element-populated\">\n\t\t\t\t\t\t<div class=\"elementor-element elementor-element-2381fba1 ob-has-background-overlay elementor-widget elementor-widget-image\" data-id=\"2381fba1\" data-element_type=\"widget\" data-settings=\"{&quot;_ob_photomorph_use&quot;:&quot;no&quot;,&quot;_ob_perspektive_use&quot;:&quot;no&quot;,&quot;_ob_poopart_use&quot;:&quot;yes&quot;,&quot;_ob_shadough_use&quot;:&quot;no&quot;,&quot;_ob_allow_hoveranimator&quot;:&quot;no&quot;,&quot;_ob_widget_stalker_use&quot;:&quot;no&quot;}\" data-widget_type=\"image.default\">\n\t\t\t\t<div class=\"elementor-widget-container\">\n\t\t\t\t\t\t\t\t\t\t\t\t\t\t\t<img fetchpriority=\"high\" decoding=\"async\" width=\"500\" height=\"625\" src=\"https:\/\/www.quantiz.com.br\/wp-content\/uploads\/2022\/07\/928990904.jpg\" class=\"attachment-large size-large wp-image-3320\" alt=\"\" srcset=\"https:\/\/www.quantiz.com.br\/wp-content\/uploads\/2022\/07\/928990904.jpg 500w, https:\/\/www.quantiz.com.br\/wp-content\/uploads\/2022\/07\/928990904-240x300.jpg 240w\" sizes=\"(max-width: 500px) 100vw, 500px\" \/>\t\t\t\t\t\t\t\t\t\t\t\t\t\t\t<\/div>\n\t\t\t\t<\/div>\n\t\t\t\t\t<\/div>\n\t\t<\/div>\n\t\t\t\t\t<\/div>\n\t\t<\/section>\n\t\t\t\t<\/div>\n\t\t","protected":false},"excerpt":{"rendered":"<p>WRITE TO US R. Amaro Cavalheiro, 347 \u2013 2001\/2020 Pinheiros, S\u00e3o Paulo \u2013 SP + 55 11 3040.3030 quantiz@quantiz.com.br company\/quantiz-pricing-solutions<\/p>\n","protected":false},"author":4,"featured_media":0,"parent":0,"menu_order":11,"comment_status":"closed","ping_status":"closed","template":"","meta":{"_acf_changed":false,"footnotes":""},"class_list":["post-3778","page","type-page","status-publish","hentry"],"acf":[],"yoast_head":"<!-- This site is optimized with the Yoast SEO plugin v26.2 - https:\/\/yoast.com\/wordpress\/plugins\/seo\/ -->\n<title>Contact - Quantiz<\/title>\n<meta name=\"robots\" content=\"index, follow, max-snippet:-1, max-image-preview:large, max-video-preview:-1\" \/>\n<link rel=\"canonical\" href=\"https:\/\/www.quantiz.com.br\/en\/contact\/\" \/>\n<meta property=\"og:locale\" content=\"en_US\" \/>\n<meta property=\"og:type\" content=\"article\" \/>\n<meta property=\"og:title\" content=\"Contact - Quantiz\" \/>\n<meta property=\"og:description\" content=\"WRITE TO US R. Amaro Cavalheiro, 347 \u2013 2001\/2020 Pinheiros, S\u00e3o Paulo \u2013 SP + 55 11 3040.3030 quantiz@quantiz.com.br company\/quantiz-pricing-solutions\" \/>\n<meta property=\"og:url\" content=\"https:\/\/www.quantiz.com.br\/en\/contact\/\" \/>\n<meta property=\"og:site_name\" content=\"Quantiz\" \/>\n<meta property=\"article:modified_time\" content=\"2023-07-31T16:42:10+00:00\" \/>\n<meta property=\"og:image\" content=\"https:\/\/www.quantiz.com.br\/wp-content\/uploads\/2022\/07\/928990904.jpg\" \/>\n<meta name=\"twitter:card\" content=\"summary_large_image\" \/>\n<script type=\"application\/ld+json\" class=\"yoast-schema-graph\">{\"@context\":\"https:\/\/schema.org\",\"@graph\":[{\"@type\":\"WebPage\",\"@id\":\"https:\/\/www.quantiz.com.br\/en\/contact\/\",\"url\":\"https:\/\/www.quantiz.com.br\/en\/contact\/\",\"name\":\"Contact - Quantiz\",\"isPartOf\":{\"@id\":\"https:\/\/www.quantiz.com.br\/#website\"},\"primaryImageOfPage\":{\"@id\":\"https:\/\/www.quantiz.com.br\/en\/contact\/#primaryimage\"},\"image\":{\"@id\":\"https:\/\/www.quantiz.com.br\/en\/contact\/#primaryimage\"},\"thumbnailUrl\":\"https:\/\/www.quantiz.com.br\/wp-content\/uploads\/2022\/07\/928990904.jpg\",\"datePublished\":\"2022-08-04T18:02:48+00:00\",\"dateModified\":\"2023-07-31T16:42:10+00:00\",\"breadcrumb\":{\"@id\":\"https:\/\/www.quantiz.com.br\/en\/contact\/#breadcrumb\"},\"inLanguage\":\"en-US\",\"potentialAction\":[{\"@type\":\"ReadAction\",\"target\":[\"https:\/\/www.quantiz.com.br\/en\/contact\/\"]}]},{\"@type\":\"ImageObject\",\"inLanguage\":\"en-US\",\"@id\":\"https:\/\/www.quantiz.com.br\/en\/contact\/#primaryimage\",\"url\":\"https:\/\/www.quantiz.com.br\/wp-content\/uploads\/2022\/07\/928990904.jpg\",\"contentUrl\":\"https:\/\/www.quantiz.com.br\/wp-content\/uploads\/2022\/07\/928990904.jpg\"},{\"@type\":\"BreadcrumbList\",\"@id\":\"https:\/\/www.quantiz.com.br\/en\/contact\/#breadcrumb\",\"itemListElement\":[{\"@type\":\"ListItem\",\"position\":1,\"name\":\"In\u00edcio\",\"item\":\"https:\/\/www.quantiz.com.br\/en\/\"},{\"@type\":\"ListItem\",\"position\":2,\"name\":\"Contact\"}]},{\"@type\":\"WebSite\",\"@id\":\"https:\/\/www.quantiz.com.br\/#website\",\"url\":\"https:\/\/www.quantiz.com.br\/\",\"name\":\"Quantiz\",\"description\":\"Pricing Solutions\",\"potentialAction\":[{\"@type\":\"SearchAction\",\"target\":{\"@type\":\"EntryPoint\",\"urlTemplate\":\"https:\/\/www.quantiz.com.br\/?s={search_term_string}\"},\"query-input\":{\"@type\":\"PropertyValueSpecification\",\"valueRequired\":true,\"valueName\":\"search_term_string\"}}],\"inLanguage\":\"en-US\"}]}<\/script>\n<!-- \/ Yoast SEO plugin. -->","yoast_head_json":{"title":"Contact - Quantiz","robots":{"index":"index","follow":"follow","max-snippet":"max-snippet:-1","max-image-preview":"max-image-preview:large","max-video-preview":"max-video-preview:-1"},"canonical":"https:\/\/www.quantiz.com.br\/en\/contact\/","og_locale":"en_US","og_type":"article","og_title":"Contact - Quantiz","og_description":"WRITE TO US R. Amaro Cavalheiro, 347 \u2013 2001\/2020 Pinheiros, S\u00e3o Paulo \u2013 SP + 55 11 3040.3030 quantiz@quantiz.com.br company\/quantiz-pricing-solutions","og_url":"https:\/\/www.quantiz.com.br\/en\/contact\/","og_site_name":"Quantiz","article_modified_time":"2023-07-31T16:42:10+00:00","og_image":[{"url":"https:\/\/www.quantiz.com.br\/wp-content\/uploads\/2022\/07\/928990904.jpg","type":"","width":"","height":""}],"twitter_card":"summary_large_image","schema":{"@context":"https:\/\/schema.org","@graph":[{"@type":"WebPage","@id":"https:\/\/www.quantiz.com.br\/en\/contact\/","url":"https:\/\/www.quantiz.com.br\/en\/contact\/","name":"Contact - Quantiz","isPartOf":{"@id":"https:\/\/www.quantiz.com.br\/#website"},"primaryImageOfPage":{"@id":"https:\/\/www.quantiz.com.br\/en\/contact\/#primaryimage"},"image":{"@id":"https:\/\/www.quantiz.com.br\/en\/contact\/#primaryimage"},"thumbnailUrl":"https:\/\/www.quantiz.com.br\/wp-content\/uploads\/2022\/07\/928990904.jpg","datePublished":"2022-08-04T18:02:48+00:00","dateModified":"2023-07-31T16:42:10+00:00","breadcrumb":{"@id":"https:\/\/www.quantiz.com.br\/en\/contact\/#breadcrumb"},"inLanguage":"en-US","potentialAction":[{"@type":"ReadAction","target":["https:\/\/www.quantiz.com.br\/en\/contact\/"]}]},{"@type":"ImageObject","inLanguage":"en-US","@id":"https:\/\/www.quantiz.com.br\/en\/contact\/#primaryimage","url":"https:\/\/www.quantiz.com.br\/wp-content\/uploads\/2022\/07\/928990904.jpg","contentUrl":"https:\/\/www.quantiz.com.br\/wp-content\/uploads\/2022\/07\/928990904.jpg"},{"@type":"BreadcrumbList","@id":"https:\/\/www.quantiz.com.br\/en\/contact\/#breadcrumb","itemListElement":[{"@type":"ListItem","position":1,"name":"In\u00edcio","item":"https:\/\/www.quantiz.com.br\/en\/"},{"@type":"ListItem","position":2,"name":"Contact"}]},{"@type":"WebSite","@id":"https:\/\/www.quantiz.com.br\/#website","url":"https:\/\/www.quantiz.com.br\/","name":"Quantiz","description":"Pricing Solutions","potentialAction":[{"@type":"SearchAction","target":{"@type":"EntryPoint","urlTemplate":"https:\/\/www.quantiz.com.br\/?s={search_term_string}"},"query-input":{"@type":"PropertyValueSpecification","valueRequired":true,"valueName":"search_term_string"}}],"inLanguage":"en-US"}]}},"_links":{"self":[{"href":"https:\/\/www.quantiz.com.br\/en\/wp-json\/wp\/v2\/pages\/3778","targetHints":{"allow":["GET"]}}],"collection":[{"href":"https:\/\/www.quantiz.com.br\/en\/wp-json\/wp\/v2\/pages"}],"about":[{"href":"https:\/\/www.quantiz.com.br\/en\/wp-json\/wp\/v2\/types\/page"}],"author":[{"embeddable":true,"href":"https:\/\/www.quantiz.com.br\/en\/wp-json\/wp\/v2\/users\/4"}],"replies":[{"embeddable":true,"href":"https:\/\/www.quantiz.com.br\/en\/wp-json\/wp\/v2\/comments?post=3778"}],"version-history":[{"count":7,"href":"https:\/\/www.quantiz.com.br\/en\/wp-json\/wp\/v2\/pages\/3778\/revisions"}],"predecessor-version":[{"id":4901,"href":"https:\/\/www.quantiz.com.br\/en\/wp-json\/wp\/v2\/pages\/3778\/revisions\/4901"}],"wp:attachment":[{"href":"https:\/\/www.quantiz.com.br\/en\/wp-json\/wp\/v2\/media?parent=3778"}],"curies":[{"name":"wp","href":"https:\/\/api.w.org\/{rel}","templated":true}]}}